{"id":377,"date":"2021-03-26T13:57:15","date_gmt":"2021-03-26T13:57:15","guid":{"rendered":"http:\/\/tfc21.events.unibz.it\/?page_id=377"},"modified":"2021-09-16T13:39:05","modified_gmt":"2021-09-16T13:39:05","slug":"workshops","status":"publish","type":"page","link":"https:\/\/tfc21.events.unibz.it\/?page_id=377","title":{"rendered":"workshops"},"content":{"rendered":"\n<p>Online workshops will take place on <strong>21 September 2021<\/strong> to present initiatives and hold debates concerning the reference topics of the conference: innovation, sustainability, TRIZ use and divulgation.<\/p>\n\n\n\n<p>The participation in workshops is free of charge; perspective attendees will require to register <a href=\"https:\/\/unibz.ungerboeck.com\/PROD\/emc00\/PublicSignIn.aspx?&amp;SessionID=ej8fepfe3fc7ff2ei7&amp;Lang=ENG\">here<\/a> (select the option Workshop only if you want to participate just in the Workshop Day).<\/p>\n\n\n\n<p>Workshops will take place in English, Italian and German to involve national, regional and interregional stakeholders. Please find below the description, chairs, language and starting times for all workshops.<\/p>\n\n\n\n<hr class=\"wp-block-separator\"\/>\n\n\n\n<p><strong><em>WORKSHOP 1<\/em><\/strong> &#8211; <strong><em>9:30 AM<\/em><\/strong><\/p>\n\n\n\n<p><strong>Introducing TRIZ to Small and Medium size Enterprises (SMEs) via SIT (Systematic Innovation Thinking)<\/strong> [German, English]. Chairs: Oliver Mayer (Bayern Innovativ GmbH), Tiziana Bertoncelli (Ansys Germany GmbH). <\/p>\n\n\n\n<p>DE: Im Workshop wird die \u201cHandregel\u201d vermittelt, die man sich sehr leicht merken kann, die sehr schnell Erfolge aufweist und die man auch sehr einfach an Mitarbeiter vermitteln kann.<br>EN: The workshop teaches the &#8220;rule of the hand&#8221;, which is very easy to remember, shows success very quickly and is also very easy to communicate to employees.<\/p>\n\n\n\n<hr class=\"wp-block-separator\"\/>\n\n\n\n<p><strong><em>WORKSHOP 2<\/em><\/strong> &#8211;<em> <strong>11:00 AM<\/strong><\/em><\/p>\n\n\n\n<p><strong>&#8220;Easy to new ideas with TRIZ&#8221; &#8211; Basic TRIZ tools and their effect on creativity and problem solving \u2013 some experiences from Austria<\/strong> [German]. Chairs: J\u00fcrgen Jantschgi (Jantschgi C&amp;R), Walter Brabek (Nidec Global Appliance Austria GmbH), Peter Jantschgi (Jantschgi C&amp;R).<\/p>\n\n\n\n<p>DE: Die Workshopteilnehmer erhalten einen praktischen Einblick in die Verwendung einiger Basis-Werkzeuge der TRIZ \/ SI (Systematic Innovation) zur Ideengenerierung und Problemformulierung.<br>\u2022 Entwicklungstrends technischer Systeme<br>\u2022 40 Innovationsprinzipien (inkl. Vorstellung der &#8220;TRIZBOX&#8221;)<br>\u2022 Definition technischer und physikalischer Widerspr\u00fcche<\/p>\n\n\n\n<p>Au\u00dferdem werden<br>\u2022 die vier Rollen des Kreativit\u00e4tsprozesses sowie<br>\u2022 das Konzept eines Kreativit\u00e4ts-Brettpiels &#8220;Create Products&#8221;<br>vorgestellt.<\/p>\n\n\n\n<hr class=\"wp-block-separator\"\/>\n\n\n\n<p><strong><em>WORKSHOP 3<\/em><\/strong> &#8211;<em> <strong>2:00 PM<\/strong><\/em><\/p>\n\n\n\n<p><strong>Research-craftsmanship alliances for sustainability in South Tyrol: the Tiny FOP MOB as a case study<\/strong> [German, Italian, English,]. Chairs: Ingrid Kofler (EURAC Research), Daria Habicher (EURAC Research), Yuri Borgianni (Free University of Bozen-Bolzano). <\/p>\n\n\n\n<p>EN: the workshop illustrates results and aims of the project \u201cTiny FOP MOB &#8211; Real world laboratory for ecological experimentation of the future building sector\u201d, which is financed by the European Regional Development Fund (FESR1161). The discussion will highlight how an interdisciplinary team can support SMEs in developing and evaluating new products. More specifically, the product of the project is a real world laboratory on wheels, built with sustainable and locally resourced materials and according to newly tested practices. Further, the mobile tiny house stops for a two week period in various villages in the Val Venosta valley to raise awareness among entrepreneurs and interested locals about the urgency and relevance of sustainable design, manufacturing and consumption in the construction industry and beyond. The chairs are looking forward to receiving feedback and new ideas, as well as meeting new partners to replicate the project approach with.<\/p>\n\n\n\n<p>IT: il workshop illustra i risultati e gli scopi del progetto \u201cTiny FOP MOB \u2013Sperimentazione sostenibile nel settore delle costruzioni del futuro\u201d, finanziato tramite il Fondo Europeo di Sviluppo Regionale (FESR1161). La discussione evidenzier\u00e0 come un team interdisciplinare possa sostenere le PMI nello sviluppo e nella valutazione di nuovi prodotti. Il prodotto in questione \u00e9 un real world laboratory su ruote, una casetta mobile costruita con materiali locali e secondo pratiche sostenibili. Inoltre, il real laboratory mobile si ferma per due settimane alla volta in vari paesi della Val Venosta per sensibilizzare gli imprenditori e i residenti nelle aree periferiche dell\u2019Alto Adige sull&#8217;urgenza e l\u2019importanza della progettazione, della produzione e del consumo sostenibile nell&#8217;edilizia e oltre. I chair saranno felici di ricevere feedback e nuove idee, nonch\u00e9 di conoscere nuovi partner con i quali replicare l\u2019approccio del progetto.<\/p>\n\n\n\n<p>DE: der Workshop stellt die Ergebnisse und Ziele des Projekts \u201eTiny FOP MOB \u2013 nachhaltige Realexperimente im Bausektor der Zukunft&#8221; vor, welches durch den Europ\u00e4ischen Fond f\u00fcr regionale Entwicklung (EFRE1161) finanziert wird. In der Diskussion wird aufgezeigt, wie ein interdisziplin\u00e4res Team KMU bei der Entwicklung und Bewertung neuer Produkte unterst\u00fctzen kann. Konkret handelt es sich um ein Reallabor auf R\u00e4dern, das mit nachhaltigen und lokal erzeugten Materialien und nach neuerprobten Praktiken erbaut wurde. Das mobile Reallabor macht f\u00fcr jeweils zwei Wochen in diversen D\u00f6rfern im Vinschgau halt, um das Bewusstsein der UnternehmerInnen und interessierten Einheimischen f\u00fcr die Dringlichkeit und Relevanz von nachhaltigem Design, Produktion und Konsum in der Baubranche aber auch dar\u00fcber hinaus zu st\u00e4rken. Die Lehrst\u00fchle freuen sich auf Feedback und neue Ideen sowie darauf, neue Partner zu treffen, mit denen sie den Ansatz des Projekts replizieren k\u00f6nnen.<\/p>\n\n\n\n<hr class=\"wp-block-separator\"\/>\n\n\n\n<p><strong><em>WORKSHOP 4<\/em><\/strong> &#8211;<em> <strong>3:30 PM<\/strong><\/em><\/p>\n\n\n\n<p><strong>The assessment of Circular Economy to trigger sustainable innovation<\/strong> [Italian]. Chairs: Pasqualina Sacco (Fraunhofer Italia), Guido Orzes (Free University of Bozen-Bolzano).<\/p>\n\n\n\n<p>IT: il workshop vuole portare l\u2019attenzione su due aspetti. In primo, luogo come attraverso l\u2019economia circolare sia possibile supportare obiettivi di sostenibilit\u00e0 aziendale. In secondo luogo, sul fatto che per raggiungere obiettivi legati alla sostenibilit\u00e0 \u00e8 necessario definire in modo dettagliato questi obiettivi, conoscere la situazione attuale dell\u2019azienda, e individuare il percorso da intraprendere per arrivare dalla situazione attuale a quella prefissata. Sar\u00e0 presentato un framework che ha come obiettivo proprio quello di essere uno strumento per supportare decisioni aziendali in ambiti legati all\u2019economia circolare, che aiuta ad individuare i settori aziendali e la tipologia di innovazione da mettere in atto (per esempio se di natura organizzativa o tecnologica).<\/p>\n\n\n\n<hr class=\"wp-block-separator\"\/>\n\n\n\n<p><strong><em>WORKSHOP 5<\/em><\/strong> &#8211;<em> <strong>5:00 PM<\/strong><\/em><\/p>\n\n\n\n<p><strong>Use, diffusion and adoption of TRIZ in Italian companies<\/strong> [Italian]. Chair: Davide Russo (University of Bergamo).<\/p>\n\n\n\n<p>IT: l&#8217;obiettivo del workshop \u00e8 di offrire uno spaccato dell\u2019uso di TRIZ nelle aziende italiane, partendo da punti di osservazione diversi tra loro. Il TRIZ raccontato dalle istituzioni che lo promuovono, dai consulenti che lo vendono, dalle aziende piccole e grandi che lo usano (da sole o mediante consulenti\/facilitatori). Vogliamo creare uno spazio comune di confronto e di dibattito.<\/p>\n\n\n\n<p>Interventi confermati:<\/p>\n\n\n\n<ul class=\"wp-block-list\"><li>Cristiano&nbsp;Arrigoni&nbsp;&#8211;&nbsp;Direttore&nbsp;&#8211;&nbsp;Bergamo Sviluppo&nbsp;&#8211; Azienda Speciale della Camera di Commercio di&nbsp;Bergamo<\/li><li>Niccol\u00f3 Sala \u2013 amministratore della Quickly PRO<\/li><li>Emanuele Gecele \u2013 EGG Solutions<\/li><li>Filippo Silipigni \u2013 Centro di Competenza per l\u2019Innovazione Sistematica della Fondazione Politecnico di Milano<\/li><li>Paolo Carrara \u2013 Warrant Innovation Lab &#8211; WIL<\/li><li>Sergio Lorenzi \u2013 Soluzioni Inventive<\/li><li>Antonio Gambigliani \u2013 Caprari S.p.A.<\/li><li>Giorgio Meneghin &#8211; Centro Produttivit\u00e0 Veneto- Azienda speciale della Camera di Commercio di Vicenza<\/li><li>Nicola Frigo \u2013 Your Technical Division YTD<\/li><li>Alfonso Surace \u2013 R&amp;D manager<\/li><\/ul>\n\n\n\n<p><\/p>\n","protected":false},"excerpt":{"rendered":"<p>Online workshops will take place on 21 September 2021 to present initiatives and hold debates concerning the reference topics of the conference: innovation, sustainability, TRIZ use and divulgation. The participation in workshops is free of charge; perspective attendees will require to register here (select the option Workshop only if you want to participate just in the Workshop Day). Workshops will take place in English, Italian and German to involve national, regional and interregional stakeholders. Please find below the description, chairs, language and starting times for all workshops. WORKSHOP 1 &#8211; 9:30 AM Introducing TRIZ to Small and Medium size Enterprises [&hellip;]<\/p>\n","protected":false},"author":5,"featured_media":0,"parent":0,"menu_order":0,"comment_status":"closed","ping_status":"closed","template":"","meta":{"footnotes":""},"class_list":["post-377","page","type-page","status-publish","hentry"],"yoast_head":"<!-- This site is optimized with the Yoast SEO plugin v27.3 - https:\/\/yoast.com\/product\/yoast-seo-wordpress\/ -->\n<title>workshops - 21st ETRIA World Conference \u201cTRIZ FUTURE\u201d 2021<\/title>\n<meta name=\"robots\" content=\"index, follow, max-snippet:-1, max-image-preview:large, max-video-preview:-1\" \/>\n<link rel=\"canonical\" href=\"https:\/\/tfc21.events.unibz.it\/?page_id=377\" \/>\n<meta property=\"og:locale\" content=\"en_US\" \/>\n<meta property=\"og:type\" content=\"article\" \/>\n<meta property=\"og:title\" content=\"workshops - 21st ETRIA World Conference \u201cTRIZ FUTURE\u201d 2021\" \/>\n<meta property=\"og:description\" content=\"Online workshops will take place on 21 September 2021 to present initiatives and hold debates concerning the reference topics of the conference: innovation, sustainability, TRIZ use and divulgation. The participation in workshops is free of charge; perspective attendees will require to register here (select the option Workshop only if you want to participate just in the Workshop Day). Workshops will take place in English, Italian and German to involve national, regional and interregional stakeholders. Please find below the description, chairs, language and starting times for all workshops. WORKSHOP 1 &#8211; 9:30 AM Introducing TRIZ to Small and Medium size Enterprises [&hellip;]\" \/>\n<meta property=\"og:url\" content=\"https:\/\/tfc21.events.unibz.it\/?page_id=377\" \/>\n<meta property=\"og:site_name\" content=\"21st ETRIA World Conference \u201cTRIZ FUTURE\u201d 2021\" \/>\n<meta property=\"article:modified_time\" content=\"2021-09-16T13:39:05+00:00\" \/>\n<meta name=\"twitter:card\" content=\"summary_large_image\" \/>\n<meta name=\"twitter:label1\" content=\"Est. reading time\" \/>\n\t<meta name=\"twitter:data1\" content=\"5 minutes\" \/>\n<script type=\"application\/ld+json\" class=\"yoast-schema-graph\">{\"@context\":\"https:\\\/\\\/schema.org\",\"@graph\":[{\"@type\":\"WebPage\",\"@id\":\"https:\\\/\\\/tfc21.events.unibz.it\\\/?page_id=377\",\"url\":\"https:\\\/\\\/tfc21.events.unibz.it\\\/?page_id=377\",\"name\":\"workshops - 21st ETRIA World Conference \u201cTRIZ FUTURE\u201d 2021\",\"isPartOf\":{\"@id\":\"https:\\\/\\\/tfc21.events.unibz.it\\\/#website\"},\"datePublished\":\"2021-03-26T13:57:15+00:00\",\"dateModified\":\"2021-09-16T13:39:05+00:00\",\"breadcrumb\":{\"@id\":\"https:\\\/\\\/tfc21.events.unibz.it\\\/?page_id=377#breadcrumb\"},\"inLanguage\":\"en-US\",\"potentialAction\":[{\"@type\":\"ReadAction\",\"target\":[\"https:\\\/\\\/tfc21.events.unibz.it\\\/?page_id=377\"]}]},{\"@type\":\"BreadcrumbList\",\"@id\":\"https:\\\/\\\/tfc21.events.unibz.it\\\/?page_id=377#breadcrumb\",\"itemListElement\":[{\"@type\":\"ListItem\",\"position\":1,\"name\":\"Home\",\"item\":\"https:\\\/\\\/tfc21.events.unibz.it\\\/\"},{\"@type\":\"ListItem\",\"position\":2,\"name\":\"workshops\"}]},{\"@type\":\"WebSite\",\"@id\":\"https:\\\/\\\/tfc21.events.unibz.it\\\/#website\",\"url\":\"https:\\\/\\\/tfc21.events.unibz.it\\\/\",\"name\":\"21st ETRIA World Conference \u201cTRIZ FUTURE\u201d 2021\",\"description\":\"\",\"potentialAction\":[{\"@type\":\"SearchAction\",\"target\":{\"@type\":\"EntryPoint\",\"urlTemplate\":\"https:\\\/\\\/tfc21.events.unibz.it\\\/?s={search_term_string}\"},\"query-input\":{\"@type\":\"PropertyValueSpecification\",\"valueRequired\":true,\"valueName\":\"search_term_string\"}}],\"inLanguage\":\"en-US\"}]}<\/script>\n<!-- \/ Yoast SEO plugin. -->","yoast_head_json":{"title":"workshops - 21st ETRIA World Conference \u201cTRIZ FUTURE\u201d 2021","robots":{"index":"index","follow":"follow","max-snippet":"max-snippet:-1","max-image-preview":"max-image-preview:large","max-video-preview":"max-video-preview:-1"},"canonical":"https:\/\/tfc21.events.unibz.it\/?page_id=377","og_locale":"en_US","og_type":"article","og_title":"workshops - 21st ETRIA World Conference \u201cTRIZ FUTURE\u201d 2021","og_description":"Online workshops will take place on 21 September 2021 to present initiatives and hold debates concerning the reference topics of the conference: innovation, sustainability, TRIZ use and divulgation. The participation in workshops is free of charge; perspective attendees will require to register here (select the option Workshop only if you want to participate just in the Workshop Day). Workshops will take place in English, Italian and German to involve national, regional and interregional stakeholders. Please find below the description, chairs, language and starting times for all workshops. WORKSHOP 1 &#8211; 9:30 AM Introducing TRIZ to Small and Medium size Enterprises [&hellip;]","og_url":"https:\/\/tfc21.events.unibz.it\/?page_id=377","og_site_name":"21st ETRIA World Conference \u201cTRIZ FUTURE\u201d 2021","article_modified_time":"2021-09-16T13:39:05+00:00","twitter_card":"summary_large_image","twitter_misc":{"Est. reading time":"5 minutes"},"schema":{"@context":"https:\/\/schema.org","@graph":[{"@type":"WebPage","@id":"https:\/\/tfc21.events.unibz.it\/?page_id=377","url":"https:\/\/tfc21.events.unibz.it\/?page_id=377","name":"workshops - 21st ETRIA World Conference \u201cTRIZ FUTURE\u201d 2021","isPartOf":{"@id":"https:\/\/tfc21.events.unibz.it\/#website"},"datePublished":"2021-03-26T13:57:15+00:00","dateModified":"2021-09-16T13:39:05+00:00","breadcrumb":{"@id":"https:\/\/tfc21.events.unibz.it\/?page_id=377#breadcrumb"},"inLanguage":"en-US","potentialAction":[{"@type":"ReadAction","target":["https:\/\/tfc21.events.unibz.it\/?page_id=377"]}]},{"@type":"BreadcrumbList","@id":"https:\/\/tfc21.events.unibz.it\/?page_id=377#breadcrumb","itemListElement":[{"@type":"ListItem","position":1,"name":"Home","item":"https:\/\/tfc21.events.unibz.it\/"},{"@type":"ListItem","position":2,"name":"workshops"}]},{"@type":"WebSite","@id":"https:\/\/tfc21.events.unibz.it\/#website","url":"https:\/\/tfc21.events.unibz.it\/","name":"21st ETRIA World Conference \u201cTRIZ FUTURE\u201d 2021","description":"","potentialAction":[{"@type":"SearchAction","target":{"@type":"EntryPoint","urlTemplate":"https:\/\/tfc21.events.unibz.it\/?s={search_term_string}"},"query-input":{"@type":"PropertyValueSpecification","valueRequired":true,"valueName":"search_term_string"}}],"inLanguage":"en-US"}]}},"_links":{"self":[{"href":"https:\/\/tfc21.events.unibz.it\/index.php?rest_route=\/wp\/v2\/pages\/377","targetHints":{"allow":["GET"]}}],"collection":[{"href":"https:\/\/tfc21.events.unibz.it\/index.php?rest_route=\/wp\/v2\/pages"}],"about":[{"href":"https:\/\/tfc21.events.unibz.it\/index.php?rest_route=\/wp\/v2\/types\/page"}],"author":[{"embeddable":true,"href":"https:\/\/tfc21.events.unibz.it\/index.php?rest_route=\/wp\/v2\/users\/5"}],"replies":[{"embeddable":true,"href":"https:\/\/tfc21.events.unibz.it\/index.php?rest_route=%2Fwp%2Fv2%2Fcomments&post=377"}],"version-history":[{"count":12,"href":"https:\/\/tfc21.events.unibz.it\/index.php?rest_route=\/wp\/v2\/pages\/377\/revisions"}],"predecessor-version":[{"id":603,"href":"https:\/\/tfc21.events.unibz.it\/index.php?rest_route=\/wp\/v2\/pages\/377\/revisions\/603"}],"wp:attachment":[{"href":"https:\/\/tfc21.events.unibz.it\/index.php?rest_route=%2Fwp%2Fv2%2Fmedia&parent=377"}],"curies":[{"name":"wp","href":"https:\/\/api.w.org\/{rel}","templated":true}]}}